{"id":263,"date":"2025-09-24T06:46:01","date_gmt":"2025-09-24T06:46:01","guid":{"rendered":"https:\/\/amoureuxdebriyanaan.com\/vistaeco\/?page_id=263"},"modified":"2025-11-25T00:43:25","modified_gmt":"2025-11-25T00:43:25","slug":"human-resources","status":"publish","type":"page","link":"https:\/\/www.vistaeco.fr\/?page_id=263","title":{"rendered":"Human resources"},"content":{"rendered":"\t\t<div data-elementor-type=\"wp-page\" data-elementor-id=\"263\" class=\"elementor elementor-263\">\n\t\t\t\t<div class=\"elementor-element elementor-element-36eade9b e-flex e-con-boxed e-con e-parent\" data-id=\"36eade9b\" data-element_type=\"container\" data-settings=\"{&quot;background_background&quot;:&quot;classic&quot;}\">\n\t\t\t\t\t<div class=\"e-con-inner\">\n\t\t<div class=\"elementor-element elementor-element-10c9d3ac e-con-full e-flex e-con e-child\" data-id=\"10c9d3ac\" data-element_type=\"container\">\n\t\t\t\t<div class=\"elementor-element elementor-element-43e4c08f elementor-widget elementor-widget-image\" data-id=\"43e4c08f\" data-element_type=\"widget\" data-widget_type=\"image.default\">\n\t\t\t\t\t\t\t\t\t\t\t\t\t\t\t<img fetchpriority=\"high\" decoding=\"async\" width=\"680\" height=\"491\" src=\"https:\/\/www.vistaeco.fr\/wp-content\/uploads\/2025\/09\/HR.jpg\" class=\"attachment-large size-large wp-image-92\" alt=\"\" srcset=\"https:\/\/www.vistaeco.fr\/wp-content\/uploads\/2025\/09\/HR.jpg 743w, https:\/\/www.vistaeco.fr\/wp-content\/uploads\/2025\/09\/HR-300x216.jpg 300w\" sizes=\"(max-width: 680px) 100vw, 680px\" \/>\t\t\t\t\t\t\t\t\t\t\t\t\t\t\t<\/div>\n\t\t\t\t<\/div>\n\t\t<div class=\"elementor-element elementor-element-7d3c1d10 e-con-full e-flex e-con e-child\" data-id=\"7d3c1d10\" data-element_type=\"container\">\n\t\t\t\t<div class=\"elementor-element elementor-element-475160bc elementor-widget elementor-widget-heading\" data-id=\"475160bc\" data-element_type=\"widget\" data-widget_type=\"heading.default\">\n\t\t\t\t\t<h2 class=\"elementor-heading-title elementor-size-default\">Moyens humains<\/h2>\t\t\t\t<\/div>\n\t\t\t\t<div class=\"elementor-element elementor-element-33ba132a elementor-widget elementor-widget-text-editor\" data-id=\"33ba132a\" data-element_type=\"widget\" data-widget_type=\"text-editor.default\">\n\t\t\t\t\t\t\t\t\t<p>La soci\u00e9t\u00e9 VISTA ECO dispose d\u2019un encadrement de chantier exp\u00e9riment\u00e9 dans les travaux de<br \/>d\u00e9contamination et d\u00e9samiantage.<\/p><p>L\u2019ensemble du personnel (encadrement et op\u00e9rateurs) a re\u00e7u les formations obligatoires dans le<br \/>traitement de l\u2019Amiante.<\/p>\t\t\t\t\t\t\t\t<\/div>\n\t\t\t\t<\/div>\n\t\t\t\t\t<\/div>\n\t\t\t\t<\/div>\n\t\t\t\t<\/div>\n\t\t","protected":false},"excerpt":{"rendered":"<p>Moyens humains La soci\u00e9t\u00e9 VISTA ECO dispose d\u2019un encadrement de chantier exp\u00e9riment\u00e9 dans les travaux ded\u00e9contamination et d\u00e9samiantage. L\u2019ensemble du personnel (encadrement et op\u00e9rateurs) a re\u00e7u les formations obligatoires dans letraitement de l\u2019Amiante. 01 General Contractor Manages the entire renovation project, schedules work, and hires 02 Architect Designs structural changes, plans layouts, ensures building codes [&hellip;]<\/p>\n","protected":false},"author":1,"featured_media":0,"parent":0,"menu_order":0,"comment_status":"closed","ping_status":"closed","template":"elementor_header_footer","meta":{"footnotes":""},"class_list":["post-263","page","type-page","status-publish","hentry"],"yoast_head":"<!-- This site is optimized with the Yoast SEO plugin v26.7 - https:\/\/yoast.com\/wordpress\/plugins\/seo\/ -->\n<title>Human resources - BIENVENUE CHEZ VISTAECO<\/title>\n<meta name=\"description\" content=\"Notre d\u00e9partement des ressources humaines est d\u00e9di\u00e9 au soutien, \u00e0 l\u2019accompagnement et \u00e0 la gestion des personnes qui font vivre notre organisation. Nous supervisons le recrutement, la formation, les relations avec les employ\u00e9s, la conformit\u00e9 et le bien-\u00eatre au travail afin de garantir un environnement s\u00fbr, efficace et positif pour l\u2019ensemble du personnel. Gr\u00e2ce \u00e0 une communication solide, des processus structur\u00e9s et un d\u00e9veloppement continu, notre \u00e9quipe RH contribue \u00e0 b\u00e2tir une main-d\u2019\u0153uvre motiv\u00e9e, qualifi\u00e9e et performante, participant ainsi au succ\u00e8s et \u00e0 la croissance de l\u2019entreprise.\" \/>\n<meta name=\"robots\" content=\"index, follow, max-snippet:-1, max-image-preview:large, max-video-preview:-1\" \/>\n<link rel=\"canonical\" href=\"https:\/\/www.vistaeco.fr\/?page_id=263\" \/>\n<meta property=\"og:locale\" content=\"en_US\" \/>\n<meta property=\"og:type\" content=\"article\" \/>\n<meta property=\"og:title\" content=\"Human resources - BIENVENUE CHEZ VISTAECO\" \/>\n<meta property=\"og:description\" content=\"Notre d\u00e9partement des ressources humaines est d\u00e9di\u00e9 au soutien, \u00e0 l\u2019accompagnement et \u00e0 la gestion des personnes qui font vivre notre organisation. Nous supervisons le recrutement, la formation, les relations avec les employ\u00e9s, la conformit\u00e9 et le bien-\u00eatre au travail afin de garantir un environnement s\u00fbr, efficace et positif pour l\u2019ensemble du personnel. Gr\u00e2ce \u00e0 une communication solide, des processus structur\u00e9s et un d\u00e9veloppement continu, notre \u00e9quipe RH contribue \u00e0 b\u00e2tir une main-d\u2019\u0153uvre motiv\u00e9e, qualifi\u00e9e et performante, participant ainsi au succ\u00e8s et \u00e0 la croissance de l\u2019entreprise.\" \/>\n<meta property=\"og:url\" content=\"https:\/\/www.vistaeco.fr\/?page_id=263\" \/>\n<meta property=\"og:site_name\" content=\"BIENVENUE CHEZ VISTAECO\" \/>\n<meta property=\"article:modified_time\" content=\"2025-11-25T00:43:25+00:00\" \/>\n<meta property=\"og:image\" content=\"https:\/\/amoureuxdebriyanaan.com\/vistaeco\/wp-content\/uploads\/2025\/09\/HR.jpg\" \/>\n<meta name=\"twitter:card\" content=\"summary_large_image\" \/>\n<meta name=\"twitter:label1\" content=\"Est. reading time\" \/>\n\t<meta name=\"twitter:data1\" content=\"1 minute\" \/>\n<script type=\"application\/ld+json\" class=\"yoast-schema-graph\">{\"@context\":\"https:\/\/schema.org\",\"@graph\":[{\"@type\":\"WebPage\",\"@id\":\"https:\/\/www.vistaeco.fr\/?page_id=263\",\"url\":\"https:\/\/www.vistaeco.fr\/?page_id=263\",\"name\":\"Human resources - BIENVENUE CHEZ VISTAECO\",\"isPartOf\":{\"@id\":\"https:\/\/www.vistaeco.fr\/#website\"},\"primaryImageOfPage\":{\"@id\":\"https:\/\/www.vistaeco.fr\/?page_id=263#primaryimage\"},\"image\":{\"@id\":\"https:\/\/www.vistaeco.fr\/?page_id=263#primaryimage\"},\"thumbnailUrl\":\"https:\/\/amoureuxdebriyanaan.com\/vistaeco\/wp-content\/uploads\/2025\/09\/HR.jpg\",\"datePublished\":\"2025-09-24T06:46:01+00:00\",\"dateModified\":\"2025-11-25T00:43:25+00:00\",\"description\":\"Notre d\u00e9partement des ressources humaines est d\u00e9di\u00e9 au soutien, \u00e0 l\u2019accompagnement et \u00e0 la gestion des personnes qui font vivre notre organisation. Nous supervisons le recrutement, la formation, les relations avec les employ\u00e9s, la conformit\u00e9 et le bien-\u00eatre au travail afin de garantir un environnement s\u00fbr, efficace et positif pour l\u2019ensemble du personnel. Gr\u00e2ce \u00e0 une communication solide, des processus structur\u00e9s et un d\u00e9veloppement continu, notre \u00e9quipe RH contribue \u00e0 b\u00e2tir une main-d\u2019\u0153uvre motiv\u00e9e, qualifi\u00e9e et performante, participant ainsi au succ\u00e8s et \u00e0 la croissance de l\u2019entreprise.\",\"breadcrumb\":{\"@id\":\"https:\/\/www.vistaeco.fr\/?page_id=263#breadcrumb\"},\"inLanguage\":\"en-US\",\"potentialAction\":[{\"@type\":\"ReadAction\",\"target\":[\"https:\/\/www.vistaeco.fr\/?page_id=263\"]}]},{\"@type\":\"ImageObject\",\"inLanguage\":\"en-US\",\"@id\":\"https:\/\/www.vistaeco.fr\/?page_id=263#primaryimage\",\"url\":\"https:\/\/amoureuxdebriyanaan.com\/vistaeco\/wp-content\/uploads\/2025\/09\/HR.jpg\",\"contentUrl\":\"https:\/\/amoureuxdebriyanaan.com\/vistaeco\/wp-content\/uploads\/2025\/09\/HR.jpg\"},{\"@type\":\"BreadcrumbList\",\"@id\":\"https:\/\/www.vistaeco.fr\/?page_id=263#breadcrumb\",\"itemListElement\":[{\"@type\":\"ListItem\",\"position\":1,\"name\":\"Home\",\"item\":\"https:\/\/www.vistaeco.fr\/\"},{\"@type\":\"ListItem\",\"position\":2,\"name\":\"Human resources\"}]},{\"@type\":\"WebSite\",\"@id\":\"https:\/\/www.vistaeco.fr\/#website\",\"url\":\"https:\/\/www.vistaeco.fr\/\",\"name\":\"VISTAECO\",\"description\":\"COMMENCEZ \u00c0 TRAVAILLER AVEC NOUS - Solutions de r\u00e9novation r\u00e9sidentielle personnalis\u00e9es\",\"publisher\":{\"@id\":\"https:\/\/www.vistaeco.fr\/#organization\"},\"alternateName\":\"vistaeco\",\"potentialAction\":[{\"@type\":\"SearchAction\",\"target\":{\"@type\":\"EntryPoint\",\"urlTemplate\":\"https:\/\/www.vistaeco.fr\/?s={search_term_string}\"},\"query-input\":{\"@type\":\"PropertyValueSpecification\",\"valueRequired\":true,\"valueName\":\"search_term_string\"}}],\"inLanguage\":\"en-US\"},{\"@type\":\"Organization\",\"@id\":\"https:\/\/www.vistaeco.fr\/#organization\",\"name\":\"VISTAECO\",\"url\":\"https:\/\/www.vistaeco.fr\/\",\"logo\":{\"@type\":\"ImageObject\",\"inLanguage\":\"en-US\",\"@id\":\"https:\/\/www.vistaeco.fr\/#\/schema\/logo\/image\/\",\"url\":\"https:\/\/www.vistaeco.fr\/wp-content\/uploads\/2025\/09\/cropped-8e1b67dd-dc0a-48bf-ad90-9f93f58a1f38_removalai_preview-1.png\",\"contentUrl\":\"https:\/\/www.vistaeco.fr\/wp-content\/uploads\/2025\/09\/cropped-8e1b67dd-dc0a-48bf-ad90-9f93f58a1f38_removalai_preview-1.png\",\"width\":100,\"height\":125,\"caption\":\"VISTAECO\"},\"image\":{\"@id\":\"https:\/\/www.vistaeco.fr\/#\/schema\/logo\/image\/\"},\"sameAs\":[\"https:\/\/www.instagram.com\/vistaeco.fr\/\",\"https:\/\/www.linkedin.com\/in\/vista-eco-51351a388\/\"]}]}<\/script>\n<!-- \/ Yoast SEO plugin. -->","yoast_head_json":{"title":"Human resources - BIENVENUE CHEZ VISTAECO","description":"Notre d\u00e9partement des ressources humaines est d\u00e9di\u00e9 au soutien, \u00e0 l\u2019accompagnement et \u00e0 la gestion des personnes qui font vivre notre organisation. Nous supervisons le recrutement, la formation, les relations avec les employ\u00e9s, la conformit\u00e9 et le bien-\u00eatre au travail afin de garantir un environnement s\u00fbr, efficace et positif pour l\u2019ensemble du personnel. Gr\u00e2ce \u00e0 une communication solide, des processus structur\u00e9s et un d\u00e9veloppement continu, notre \u00e9quipe RH contribue \u00e0 b\u00e2tir une main-d\u2019\u0153uvre motiv\u00e9e, qualifi\u00e9e et performante, participant ainsi au succ\u00e8s et \u00e0 la croissance de l\u2019entreprise.","robots":{"index":"index","follow":"follow","max-snippet":"max-snippet:-1","max-image-preview":"max-image-preview:large","max-video-preview":"max-video-preview:-1"},"canonical":"https:\/\/www.vistaeco.fr\/?page_id=263","og_locale":"en_US","og_type":"article","og_title":"Human resources - BIENVENUE CHEZ VISTAECO","og_description":"Notre d\u00e9partement des ressources humaines est d\u00e9di\u00e9 au soutien, \u00e0 l\u2019accompagnement et \u00e0 la gestion des personnes qui font vivre notre organisation. Nous supervisons le recrutement, la formation, les relations avec les employ\u00e9s, la conformit\u00e9 et le bien-\u00eatre au travail afin de garantir un environnement s\u00fbr, efficace et positif pour l\u2019ensemble du personnel. Gr\u00e2ce \u00e0 une communication solide, des processus structur\u00e9s et un d\u00e9veloppement continu, notre \u00e9quipe RH contribue \u00e0 b\u00e2tir une main-d\u2019\u0153uvre motiv\u00e9e, qualifi\u00e9e et performante, participant ainsi au succ\u00e8s et \u00e0 la croissance de l\u2019entreprise.","og_url":"https:\/\/www.vistaeco.fr\/?page_id=263","og_site_name":"BIENVENUE CHEZ VISTAECO","article_modified_time":"2025-11-25T00:43:25+00:00","og_image":[{"url":"https:\/\/amoureuxdebriyanaan.com\/vistaeco\/wp-content\/uploads\/2025\/09\/HR.jpg","type":"","width":"","height":""}],"twitter_card":"summary_large_image","twitter_misc":{"Est. reading time":"1 minute"},"schema":{"@context":"https:\/\/schema.org","@graph":[{"@type":"WebPage","@id":"https:\/\/www.vistaeco.fr\/?page_id=263","url":"https:\/\/www.vistaeco.fr\/?page_id=263","name":"Human resources - BIENVENUE CHEZ VISTAECO","isPartOf":{"@id":"https:\/\/www.vistaeco.fr\/#website"},"primaryImageOfPage":{"@id":"https:\/\/www.vistaeco.fr\/?page_id=263#primaryimage"},"image":{"@id":"https:\/\/www.vistaeco.fr\/?page_id=263#primaryimage"},"thumbnailUrl":"https:\/\/amoureuxdebriyanaan.com\/vistaeco\/wp-content\/uploads\/2025\/09\/HR.jpg","datePublished":"2025-09-24T06:46:01+00:00","dateModified":"2025-11-25T00:43:25+00:00","description":"Notre d\u00e9partement des ressources humaines est d\u00e9di\u00e9 au soutien, \u00e0 l\u2019accompagnement et \u00e0 la gestion des personnes qui font vivre notre organisation. Nous supervisons le recrutement, la formation, les relations avec les employ\u00e9s, la conformit\u00e9 et le bien-\u00eatre au travail afin de garantir un environnement s\u00fbr, efficace et positif pour l\u2019ensemble du personnel. Gr\u00e2ce \u00e0 une communication solide, des processus structur\u00e9s et un d\u00e9veloppement continu, notre \u00e9quipe RH contribue \u00e0 b\u00e2tir une main-d\u2019\u0153uvre motiv\u00e9e, qualifi\u00e9e et performante, participant ainsi au succ\u00e8s et \u00e0 la croissance de l\u2019entreprise.","breadcrumb":{"@id":"https:\/\/www.vistaeco.fr\/?page_id=263#breadcrumb"},"inLanguage":"en-US","potentialAction":[{"@type":"ReadAction","target":["https:\/\/www.vistaeco.fr\/?page_id=263"]}]},{"@type":"ImageObject","inLanguage":"en-US","@id":"https:\/\/www.vistaeco.fr\/?page_id=263#primaryimage","url":"https:\/\/amoureuxdebriyanaan.com\/vistaeco\/wp-content\/uploads\/2025\/09\/HR.jpg","contentUrl":"https:\/\/amoureuxdebriyanaan.com\/vistaeco\/wp-content\/uploads\/2025\/09\/HR.jpg"},{"@type":"BreadcrumbList","@id":"https:\/\/www.vistaeco.fr\/?page_id=263#breadcrumb","itemListElement":[{"@type":"ListItem","position":1,"name":"Home","item":"https:\/\/www.vistaeco.fr\/"},{"@type":"ListItem","position":2,"name":"Human resources"}]},{"@type":"WebSite","@id":"https:\/\/www.vistaeco.fr\/#website","url":"https:\/\/www.vistaeco.fr\/","name":"VISTAECO","description":"COMMENCEZ \u00c0 TRAVAILLER AVEC NOUS - Solutions de r\u00e9novation r\u00e9sidentielle personnalis\u00e9es","publisher":{"@id":"https:\/\/www.vistaeco.fr\/#organization"},"alternateName":"vistaeco","potentialAction":[{"@type":"SearchAction","target":{"@type":"EntryPoint","urlTemplate":"https:\/\/www.vistaeco.fr\/?s={search_term_string}"},"query-input":{"@type":"PropertyValueSpecification","valueRequired":true,"valueName":"search_term_string"}}],"inLanguage":"en-US"},{"@type":"Organization","@id":"https:\/\/www.vistaeco.fr\/#organization","name":"VISTAECO","url":"https:\/\/www.vistaeco.fr\/","logo":{"@type":"ImageObject","inLanguage":"en-US","@id":"https:\/\/www.vistaeco.fr\/#\/schema\/logo\/image\/","url":"https:\/\/www.vistaeco.fr\/wp-content\/uploads\/2025\/09\/cropped-8e1b67dd-dc0a-48bf-ad90-9f93f58a1f38_removalai_preview-1.png","contentUrl":"https:\/\/www.vistaeco.fr\/wp-content\/uploads\/2025\/09\/cropped-8e1b67dd-dc0a-48bf-ad90-9f93f58a1f38_removalai_preview-1.png","width":100,"height":125,"caption":"VISTAECO"},"image":{"@id":"https:\/\/www.vistaeco.fr\/#\/schema\/logo\/image\/"},"sameAs":["https:\/\/www.instagram.com\/vistaeco.fr\/","https:\/\/www.linkedin.com\/in\/vista-eco-51351a388\/"]}]}},"_links":{"self":[{"href":"https:\/\/www.vistaeco.fr\/index.php?rest_route=\/wp\/v2\/pages\/263","targetHints":{"allow":["GET"]}}],"collection":[{"href":"https:\/\/www.vistaeco.fr\/index.php?rest_route=\/wp\/v2\/pages"}],"about":[{"href":"https:\/\/www.vistaeco.fr\/index.php?rest_route=\/wp\/v2\/types\/page"}],"author":[{"embeddable":true,"href":"https:\/\/www.vistaeco.fr\/index.php?rest_route=\/wp\/v2\/users\/1"}],"replies":[{"embeddable":true,"href":"https:\/\/www.vistaeco.fr\/index.php?rest_route=%2Fwp%2Fv2%2Fcomments&post=263"}],"version-history":[{"count":7,"href":"https:\/\/www.vistaeco.fr\/index.php?rest_route=\/wp\/v2\/pages\/263\/revisions"}],"predecessor-version":[{"id":337,"href":"https:\/\/www.vistaeco.fr\/index.php?rest_route=\/wp\/v2\/pages\/263\/revisions\/337"}],"wp:attachment":[{"href":"https:\/\/www.vistaeco.fr\/index.php?rest_route=%2Fwp%2Fv2%2Fmedia&parent=263"}],"curies":[{"name":"wp","href":"https:\/\/api.w.org\/{rel}","templated":true}]}}